{"id":6904,"date":"2021-04-20T14:18:23","date_gmt":"2021-04-20T14:18:23","guid":{"rendered":"https:\/\/www.akumenia.com\/?page_id=6904"},"modified":"2021-07-07T14:32:49","modified_gmt":"2021-07-07T14:32:49","slug":"publication","status":"publish","type":"page","link":"https:\/\/www.akumenia.com\/en\/publication\/","title":{"rendered":"Publication"},"content":{"rendered":"<div id=\"fws_69eb05214cfb5\"  data-midnight=\"light\" data-top-percent=\"13%\" data-bottom-percent=\"7%\"  data-bg-mobile-hidden=\"\" class=\"wpb_row vc_row-fluid vc_row full-width-section standard_section\"  style=\"padding-top: calc(100vw * 0.13); padding-bottom: calc(100vw * 0.07); \"><div class=\"row-bg-wrap\" data-bg-animation=\"none\"><div class=\"inner-wrap using-image\"><div class=\"row-bg using-image using-bg-color\"  style=\"background-image: url(https:\/\/www.akumenia.com\/wp-content\/uploads\/2021\/04\/publication_akumenia-2.png); background-position: left top; background-repeat: no-repeat; background-color: #000000; \"><\/div><\/div><div class=\"row-bg-overlay\" ><\/div><\/div>      \n\t\t\t<div class=\"video-color-overlay\" data-color=\"\"><\/div>\n            \n\t\t\t<div class=\"nectar-video-wrap\" data-bg-alignment=\"left top\">\n\t\t\t\t\n        <video class=\"nectar-video-bg\" width=\"1800\" height=\"700\" preload=\"auto\" loop autoplay muted playsinline><\/video>\t\t\n\t\t\t <\/div>\n       \n\t\t\t<div class=\"col span_12 light left\">\n\t<div style=\"\" class=\"vc_col-sm-6 wpb_column column_container vc_column_container col no-extra-padding\" data-using-bg=\"true\" data-t-w-inherits=\"default\" data-border-radius=\"none\" data-shadow=\"none\" data-border-animation=\"\" data-border-animation-delay=\"\" data-border-width=\"none\" data-border-style=\"solid\" data-border-color=\"\" data-bg-cover=\"\" data-padding-pos=\"all\" data-has-bg-color=\"true\" data-bg-color=\"#ffffff\" data-bg-opacity=\"0.1\" data-hover-bg=\"#ffffff\" data-hover-bg-opacity=\"0.1\" data-animation=\"\" data-delay=\"0\" >\r\n  \r\n  <div class=\"mobile-video-image column-video\" style=\"background-image: url()\"><\/div>\r\n  <div class=\"nectar-video-wrap column-video\">\r\n      <video class=\"nectar-video-bg\" width=\"1800\" height=\"700\" preload=\"auto\" loop autoplay muted playsinline><\/video><\/div><div class=\"column-bg-overlay\" style=\"opacity: 0.1; background-color: #ffffff;\"><\/div>\n\t\t<div class=\"vc_column-inner\">\n\t\t\t<div class=\"wpb_wrapper\">\n\t\t\t\t<h2 style=\"color: #ffffff;text-align: left;font-family:Montserrat;font-weight:400;font-style:normal\" class=\"vc_custom_heading\" >AKUMENIA WHITE PAPERS &amp; CASE STUDIES<\/h2><div class=\"vc_separator wpb_content_element vc_separator_align_left vc_sep_width_100 vc_sep_pos_align_center vc_sep_color_white vc_separator-has-text\" ><span class=\"vc_sep_holder vc_sep_holder_l\"><span  class=\"vc_sep_line\"><\/span><\/span><h4>Insrivez-vous pour recevoir les derni\u00e8res publications<\/h4><span class=\"vc_sep_holder vc_sep_holder_r\"><span  class=\"vc_sep_line\"><\/span><\/span>\n<\/div><div style=\"font-size: 12px;line-height: 2;text-align: left;font-family:Montserrat;font-weight:400;font-style:normal\" class=\"vc_custom_heading vc_custom_1618953271048\" >Nous partageons r\u00e9guli\u00e8rement avec nos clients, contacts et acteurs de l'\u00e9cosyst\u00e8me des \u00e9tudes, papiers et retours d'exp\u00e9riences autour d'applications m\u00e9tiers de l'IA et des Big Data selon nos trois s\u00e9ries de papiers :<\/div>\r\n<div class=\"wpb_text_column wpb_content_element\" >\r\n\t<div class=\"wpb_wrapper\">\r\n\t\t\t<\/div>\r\n<\/div>\r\n\r\n\r\n\r\n\r\n<div class=\"wpb_text_column wpb_content_element\" >\r\n\t<div class=\"wpb_wrapper\">\r\n\t\t<h4 style=\"text-align: center;\">Data For Business Series<\/h4>\n<p style=\"text-align: center;\">Usages m\u00e9tier et retours d&#8217;exp\u00e9riences sectoriels de l&#8217;IA et des Big Datas<\/p>\n<h4 style=\"text-align: center;\">Data Governance Series<\/h4>\n<p style=\"text-align: center;\">Paroles et retour d&#8217;experts sur la gouvernance et gestion de la donn\u00e9es<\/p>\n<h4 style=\"text-align: center;\">Data At Scale Series<\/h4>\n<p style=\"text-align: center;\">Innovations et architectures dans les outils des traitements massifs de donn\u00e9es<\/p>\n\t<\/div>\r\n<\/div>\r\n\r\n\r\n\r\n\n\t\t\t<\/div> \n\t\t<\/div>\n\t<\/div> \n\n\t<div  class=\"vc_col-sm-6 wpb_column column_container vc_column_container col no-extra-padding\"  data-t-w-inherits=\"default\" data-border-radius=\"none\" data-shadow=\"none\" data-border-animation=\"\" data-border-animation-delay=\"\" data-border-width=\"none\" data-border-style=\"solid\" data-border-color=\"\" data-bg-cover=\"\" data-padding-pos=\"all\" data-has-bg-color=\"false\" data-bg-color=\"\" data-bg-opacity=\"0.1\" data-hover-bg=\"\" data-hover-bg-opacity=\"0.1\" data-animation=\"\" data-delay=\"0\" ><div class=\"column-bg-overlay\"><\/div>\n\t\t<div class=\"vc_column-inner\">\n\t\t\t<div class=\"wpb_wrapper\">\n\t\t\t\t<h3 style=\"text-align: left;font-family:Montserrat;font-weight:400;font-style:normal\" class=\"vc_custom_heading wpb_animate_when_almost_visible wpb_fadeInUp fadeInUp\" >Acc\u00e9dez aux derni\u00e8res publications :<\/h3><div style=\"text-align: left;font-family:Montserrat;font-weight:400;font-style:normal\" class=\"vc_custom_heading wpb_animate_when_almost_visible wpb_fadeInUp fadeInUp\" >Avril 2021 - DataGov Series<br \/>\nInteeligence Artificielle et Ethiques : Droits de l'Homme face \u00e0 l'IA ou droits des IAs face aux hommes?<\/div><div id=\"fws_69eb05215ea26\" data-midnight=\"\" data-column-margin=\"default\" data-bg-mobile-hidden=\"\" class=\"wpb_row vc_row-fluid vc_row inner_row  vc_row-o-content-middle standard_section\"  style=\"padding-top: 0px; padding-bottom: 0px; \"><div class=\"row-bg-wrap\"> <div class=\"row-bg\"  style=\"\"><\/div> <\/div><div class=\"col span_12  left\">\n\t<div  class=\"vc_col-sm-6 wpb_column column_container vc_column_container col centered-text no-extra-padding\"   data-t-w-inherits=\"default\" data-shadow=\"none\" data-border-radius=\"none\" data-border-animation=\"\" data-border-animation-delay=\"\" data-border-width=\"none\" data-border-style=\"solid\" data-border-color=\"\" data-bg-cover=\"\" data-padding-pos=\"all\" data-has-bg-color=\"false\" data-bg-color=\"\" data-bg-opacity=\"1\" data-hover-bg=\"\" data-hover-bg-opacity=\"1\" data-animation=\"\" data-delay=\"0\"><div class=\"column-bg-overlay\"><\/div>\n\t\t<div class=\"vc_column-inner\">\n\t\t<div class=\"wpb_wrapper\">\n\t\t\t<a class=\"nectar-button large see-through-2\"  style=\"\"  href=\"https:\/\/www.akumenia.com\/wp-content\/uploads\/2021\/07\/akumenia_data_governance_series_white_paper_ai-ethics.pdf\" data-color-override=\"false\" data-hover-color-override=\"false\" data-hover-text-color-override=\"#ffffff\"><span>Version PDF<\/span><\/a>\n\t\t<\/div> \n\t<\/div>\n\t<\/div> \n\n\t<div  class=\"vc_col-sm-6 wpb_column column_container vc_column_container col centered-text no-extra-padding\"   data-t-w-inherits=\"default\" data-shadow=\"none\" data-border-radius=\"none\" data-border-animation=\"\" data-border-animation-delay=\"\" data-border-width=\"none\" data-border-style=\"solid\" data-border-color=\"\" data-bg-cover=\"\" data-padding-pos=\"all\" data-has-bg-color=\"false\" data-bg-color=\"\" data-bg-opacity=\"1\" data-hover-bg=\"\" data-hover-bg-opacity=\"1\" data-animation=\"\" data-delay=\"0\"><div class=\"column-bg-overlay\"><\/div>\n\t\t<div class=\"vc_column-inner\">\n\t\t<div class=\"wpb_wrapper\">\n\t\t\t<a class=\"nectar-button large regular m-extra-color-gradient-1\"  style=\"color: #ffffff; background-color: #ffffff;\"  href=\"https:\/\/www.akumenia.com\/2021\/04\/06\/droit-de-lhomme-face-a-ia-ou-droit-ias-face-aux-hommes\/\" data-color-override=\"#ffffff\" data-hover-color-override=\"false\" data-hover-text-color-override=\"#fff\"><span>Version en ligne<\/span><\/a>\n\t\t<\/div> \n\t<\/div>\n\t<\/div> \n<\/div><\/div><div style=\"text-align: left;font-family:Montserrat;font-weight:400;font-style:normal\" class=\"vc_custom_heading wpb_animate_when_almost_visible wpb_fadeInUp fadeInUp\" >Mars 2021 - Data4Business Series<br \/>\nRetailers, un tera de marketeurs sur le terrain de vos data : De la vue 360\u00b0 au profiling client autonome, un Nouveau paradigme marketing retail pour une donn\u00e9e en action!<\/div><div id=\"fws_69eb05215f50f\" data-midnight=\"\" data-column-margin=\"default\" data-bg-mobile-hidden=\"\" class=\"wpb_row vc_row-fluid vc_row inner_row  vc_row-o-content-middle standard_section\"  style=\"padding-top: 0px; padding-bottom: 0px; \"><div class=\"row-bg-wrap\"> <div class=\"row-bg\"  style=\"\"><\/div> <\/div><div class=\"col span_12  left\">\n\t<div  class=\"vc_col-sm-6 wpb_column column_container vc_column_container col centered-text no-extra-padding\"   data-t-w-inherits=\"default\" data-shadow=\"none\" data-border-radius=\"none\" data-border-animation=\"\" data-border-animation-delay=\"\" data-border-width=\"none\" data-border-style=\"solid\" data-border-color=\"\" data-bg-cover=\"\" data-padding-pos=\"all\" data-has-bg-color=\"false\" data-bg-color=\"\" data-bg-opacity=\"1\" data-hover-bg=\"\" data-hover-bg-opacity=\"1\" data-animation=\"\" data-delay=\"0\"><div class=\"column-bg-overlay\"><\/div>\n\t\t<div class=\"vc_column-inner\">\n\t\t<div class=\"wpb_wrapper\">\n\t\t\t<a class=\"nectar-button large see-through-2\"  style=\"\"  href=\"https:\/\/www.akumenia.com\/wp-content\/uploads\/2021\/04\/akumenia_data_4_business_series_white_paper_airetail-1.pdf\" data-color-override=\"false\" data-hover-color-override=\"false\" data-hover-text-color-override=\"#ffffff\"><span>Version PDF<\/span><\/a>\n\t\t<\/div> \n\t<\/div>\n\t<\/div> \n\n\t<div  class=\"vc_col-sm-6 wpb_column column_container vc_column_container col centered-text no-extra-padding\"   data-t-w-inherits=\"default\" data-shadow=\"none\" data-border-radius=\"none\" data-border-animation=\"\" data-border-animation-delay=\"\" data-border-width=\"none\" data-border-style=\"solid\" data-border-color=\"\" data-bg-cover=\"\" data-padding-pos=\"all\" data-has-bg-color=\"false\" data-bg-color=\"\" data-bg-opacity=\"1\" data-hover-bg=\"\" data-hover-bg-opacity=\"1\" data-animation=\"\" data-delay=\"0\"><div class=\"column-bg-overlay\"><\/div>\n\t\t<div class=\"vc_column-inner\">\n\t\t<div class=\"wpb_wrapper\">\n\t\t\t<a class=\"nectar-button large regular m-extra-color-gradient-1\"  style=\"color: #ffffff; background-color: #ffffff;\"  href=\"https:\/\/www.akumenia.com\/2021\/03\/15\/retailers-un-tera-de-marketeur-sur-votre-terrain-data\/\" data-color-override=\"#ffffff\" data-hover-color-override=\"false\" data-hover-text-color-override=\"#fff\"><span>Version en ligne<\/span><\/a>\n\t\t<\/div> \n\t<\/div>\n\t<\/div> \n<\/div><\/div>\n\t\t\t<\/div> \n\t\t<\/div>\n\t<\/div> \n<\/div><\/div>\n\t\t<div id=\"fws_69eb05215fe8b\"  data-midnight=\"light\" data-top-percent=\"6%\"  data-bg-mobile-hidden=\"\" class=\"wpb_row vc_row-fluid vc_row standard_section\"  style=\"padding-top: calc(100vw * 0.06); padding-bottom: 0px; \"><div class=\"row-bg-wrap\" data-bg-animation=\"none\"><div class=\"inner-wrap\"><div class=\"row-bg using-bg-color\"  style=\"background-color: #150547; \"><\/div><\/div><div class=\"row-bg-overlay\" ><\/div><\/div><div class=\"col span_12 light left\">\n\t<div style=\"\" class=\"vc_col-sm-2 wpb_column column_container vc_column_container col centered-text no-extra-padding\" data-using-bg=\"true\" data-t-w-inherits=\"default\" data-border-radius=\"none\" data-shadow=\"none\" data-border-animation=\"\" data-border-animation-delay=\"\" data-border-width=\"none\" data-border-style=\"solid\" data-border-color=\"\" data-bg-cover=\"\" data-padding-pos=\"all\" data-has-bg-color=\"true\" data-bg-color=\"#150547\" data-bg-opacity=\"1\" data-hover-bg=\"\" data-hover-bg-opacity=\"1\" data-animation=\"\" data-delay=\"0\" ><div class=\"column-bg-overlay\" style=\"opacity: 1; background-color: #150547;\"><\/div>\n\t\t<div class=\"vc_column-inner\">\n\t\t\t<div class=\"wpb_wrapper\">\n\t\t\t\t\n\t\t\t<\/div> \n\t\t<\/div>\n\t<\/div> \n\n\t<div  class=\"vc_col-sm-8 wpb_column column_container vc_column_container col no-extra-padding\"  data-t-w-inherits=\"default\" data-border-radius=\"none\" data-shadow=\"none\" data-border-animation=\"\" data-border-animation-delay=\"\" data-border-width=\"none\" data-border-style=\"solid\" data-border-color=\"\" data-bg-cover=\"\" data-padding-pos=\"all\" data-has-bg-color=\"false\" data-bg-color=\"\" data-bg-opacity=\"1\" data-hover-bg=\"\" data-hover-bg-opacity=\"1\" data-animation=\"\" data-delay=\"0\" ><div class=\"column-bg-overlay\"><\/div>\n\t\t<div class=\"vc_column-inner\">\n\t\t\t<div class=\"wpb_wrapper\">\n\t\t\t\t<h3 style=\"text-align: center;font-family:Montserrat;font-weight:400;font-style:normal\" class=\"vc_custom_heading wpb_animate_when_almost_visible wpb_fadeInUp fadeInUp\" >Inscrivez-vous pour recevoir les prochaines publication :<\/h3><div class=\"divider-wrap\" data-alignment=\"default\"><div style=\"height: 25px;\" class=\"divider\"><\/div><\/div>\r\n<div class=\"wpb_text_column wpb_content_element\" >\r\n\t<div class=\"wpb_wrapper\">\r\n\t\t<h5><\/h5>\n<h5 style=\"text-align: center;\">\n<div class=\"wpcf7 no-js\" id=\"wpcf7-f6996-o1\" lang=\"fr-FR\" dir=\"ltr\">\n<div class=\"screen-reader-response\"><p role=\"status\" aria-live=\"polite\" aria-atomic=\"true\"><\/p> <ul><\/ul><\/div>\n<form action=\"\/en\/wp-json\/wp\/v2\/pages\/6904#wpcf7-f6996-o1\" method=\"post\" class=\"wpcf7-form init\" aria-label=\"Formulaire de contact\" novalidate=\"novalidate\" data-status=\"init\" data-trp-original-action=\"\/en\/wp-json\/wp\/v2\/pages\/6904#wpcf7-f6996-o1\">\n<div style=\"display: none;\">\n<input type=\"hidden\" name=\"_wpcf7\" value=\"6996\" \/>\n<input type=\"hidden\" name=\"_wpcf7_version\" value=\"5.7.6\" \/>\n<input type=\"hidden\" name=\"_wpcf7_locale\" value=\"fr_FR\" \/>\n<input type=\"hidden\" name=\"_wpcf7_unit_tag\" value=\"wpcf7-f6996-o1\" \/>\n<input type=\"hidden\" name=\"_wpcf7_container_post\" value=\"0\" \/>\n<input type=\"hidden\" name=\"_wpcf7_posted_data_hash\" value=\"\" \/>\n<\/div>\n<p><label> Your name (required)<br \/>\n<span class=\"wpcf7-form-control-wrap\" data-name=\"your-name\"><input size=\"40\" class=\"wpcf7-form-control wpcf7-text wpcf7-validates-as-required\" aria-required=\"true\" aria-invalid=\"false\" value=\"\" type=\"text\" name=\"your-name\" \/><\/span> <\/label>\n<\/p>\n<p><label> Your e-mail address (required)<br \/>\n<span class=\"wpcf7-form-control-wrap\" data-name=\"your-email\"><input size=\"40\" class=\"wpcf7-form-control wpcf7-text wpcf7-email wpcf7-validates-as-required wpcf7-validates-as-email\" aria-required=\"true\" aria-invalid=\"false\" value=\"\" type=\"email\" name=\"your-email\" \/><\/span> <\/label>\n<\/p>\n<p><label> Phone number<br \/>\n<span class=\"wpcf7-form-control-wrap\" data-name=\"tel-212\"><input size=\"40\" class=\"wpcf7-form-control wpcf7-text wpcf7-tel wpcf7-validates-as-tel\" aria-invalid=\"false\" value=\"\" type=\"tel\" name=\"tel-212\" \/><\/span> <\/label>\n<\/p>\n<p><input class=\"wpcf7-form-control has-spinner wpcf7-submit\" type=\"submit\" value=\"Je m&#039;inscris\" \/>\n<\/p><div class=\"wpcf7-response-output\" aria-hidden=\"true\"><\/div>\n<input type=\"hidden\" name=\"trp-form-language\" value=\"en\"\/><\/form>\n<\/div>\n<\/h5>\n\t<\/div>\r\n<\/div>\r\n\r\n\r\n\r\n\n\t\t\t<\/div> \n\t\t<\/div>\n\t<\/div> \n\n\t<div style=\"\" class=\"vc_col-sm-2 wpb_column column_container vc_column_container col no-extra-padding\" data-using-bg=\"true\" data-t-w-inherits=\"default\" data-border-radius=\"none\" data-shadow=\"none\" data-border-animation=\"\" data-border-animation-delay=\"\" data-border-width=\"none\" data-border-style=\"solid\" data-border-color=\"\" data-bg-cover=\"\" data-padding-pos=\"all\" data-has-bg-color=\"true\" data-bg-color=\"#150547\" data-bg-opacity=\"1\" data-hover-bg=\"\" data-hover-bg-opacity=\"1\" data-animation=\"\" data-delay=\"0\" ><div class=\"column-bg-overlay\" style=\"opacity: 1; background-color: #150547;\"><\/div>\n\t\t<div class=\"vc_column-inner\">\n\t\t\t<div class=\"wpb_wrapper\">\n\t\t\t\t\n\t\t\t<\/div> \n\t\t<\/div>\n\t<\/div> \n<\/div><\/div>","protected":false},"excerpt":{"rendered":"AKUMENIA WHITE PAPERS &amp; CASE STUDIESInsrivez-vous pour recevoir les derni\u00e8res publications Nous partageons r\u00e9guli\u00e8rement avec nos clients, contacts et acteurs de l'\u00e9cosyst\u00e8me des \u00e9tudes, papiers et retours d'exp\u00e9riences autour d'applications...","protected":false},"author":1,"featured_media":0,"parent":0,"menu_order":0,"comment_status":"closed","ping_status":"closed","template":"","meta":[],"yoast_head":"<!-- This site is optimized with the Yoast SEO plugin v20.8 - https:\/\/yoast.com\/wordpress\/plugins\/seo\/ -->\n<title>Publication &mdash; Akumenia<\/title>\n<meta name=\"robots\" content=\"index, follow, max-snippet:-1, max-image-preview:large, max-video-preview:-1\" \/>\n<link rel=\"canonical\" href=\"https:\/\/www.akumenia.com\/en\/publication\/\" \/>\n<meta property=\"og:locale\" content=\"en_US\" \/>\n<meta property=\"og:type\" content=\"article\" \/>\n<meta property=\"og:title\" content=\"Publication &mdash; Akumenia\" \/>\n<meta property=\"og:url\" content=\"https:\/\/www.akumenia.com\/en\/publication\/\" \/>\n<meta property=\"og:site_name\" content=\"Akumenia\" \/>\n<meta property=\"article:modified_time\" content=\"2021-07-07T14:32:49+00:00\" \/>\n<meta property=\"og:image\" content=\"https:\/\/www.akumenia.com\/wp-content\/uploads\/2020\/09\/Personal-Vlog-YouTube-Thumbnail.png\" \/>\n\t<meta property=\"og:image:width\" content=\"1280\" \/>\n\t<meta property=\"og:image:height\" content=\"720\" \/>\n\t<meta property=\"og:image:type\" content=\"image\/png\" \/>\n<meta name=\"twitter:card\" content=\"summary_large_image\" \/>\n<meta name=\"twitter:label1\" content=\"Est. reading time\" \/>\n\t<meta name=\"twitter:data1\" content=\"2 minutes\" \/>\n<script type=\"application\/ld+json\" class=\"yoast-schema-graph\">{\"@context\":\"https:\/\/schema.org\",\"@graph\":[{\"@type\":\"WebPage\",\"@id\":\"https:\/\/www.akumenia.com\/publication\/\",\"url\":\"https:\/\/www.akumenia.com\/publication\/\",\"name\":\"Publication &mdash; Akumenia\",\"isPartOf\":{\"@id\":\"https:\/\/www.akumenia.com\/#website\"},\"datePublished\":\"2021-04-20T14:18:23+00:00\",\"dateModified\":\"2021-07-07T14:32:49+00:00\",\"breadcrumb\":{\"@id\":\"https:\/\/www.akumenia.com\/publication\/#breadcrumb\"},\"inLanguage\":\"en-US\",\"potentialAction\":[{\"@type\":\"ReadAction\",\"target\":[\"https:\/\/www.akumenia.com\/publication\/\"]}]},{\"@type\":\"BreadcrumbList\",\"@id\":\"https:\/\/www.akumenia.com\/publication\/#breadcrumb\",\"itemListElement\":[{\"@type\":\"ListItem\",\"position\":1,\"name\":\"Accueil\",\"item\":\"https:\/\/www.akumenia.com\/\"},{\"@type\":\"ListItem\",\"position\":2,\"name\":\"Publication\"}]},{\"@type\":\"WebSite\",\"@id\":\"https:\/\/www.akumenia.com\/#website\",\"url\":\"https:\/\/www.akumenia.com\/\",\"name\":\"AKUMEN IA\",\"description\":\"Elevating Data to a Strategic Asset\",\"publisher\":{\"@id\":\"https:\/\/www.akumenia.com\/#organization\"},\"potentialAction\":[{\"@type\":\"SearchAction\",\"target\":{\"@type\":\"EntryPoint\",\"urlTemplate\":\"https:\/\/www.akumenia.com\/?s={search_term_string}\"},\"query-input\":\"required name=search_term_string\"}],\"inLanguage\":\"en-US\"},{\"@type\":\"Organization\",\"@id\":\"https:\/\/www.akumenia.com\/#organization\",\"name\":\"AKUMENIA VALYANS\",\"url\":\"https:\/\/www.akumenia.com\/\",\"logo\":{\"@type\":\"ImageObject\",\"inLanguage\":\"en-US\",\"@id\":\"https:\/\/www.akumenia.com\/#\/schema\/logo\/image\/\",\"url\":\"https:\/\/www.akumenia.com\/wp-content\/uploads\/2020\/09\/vsite_bleu_vDEF.png\",\"contentUrl\":\"https:\/\/www.akumenia.com\/wp-content\/uploads\/2020\/09\/vsite_bleu_vDEF.png\",\"width\":1848,\"height\":536,\"caption\":\"AKUMENIA VALYANS\"},\"image\":{\"@id\":\"https:\/\/www.akumenia.com\/#\/schema\/logo\/image\/\"},\"sameAs\":[\"https:\/\/www.linkedin.com\/company\/68533550\"]}]}<\/script>\n<!-- \/ Yoast SEO plugin. -->","yoast_head_json":{"title":"Publication &mdash; Akumenia","robots":{"index":"index","follow":"follow","max-snippet":"max-snippet:-1","max-image-preview":"max-image-preview:large","max-video-preview":"max-video-preview:-1"},"canonical":"https:\/\/www.akumenia.com\/en\/publication\/","og_locale":"en_US","og_type":"article","og_title":"Publication &mdash; Akumenia","og_url":"https:\/\/www.akumenia.com\/en\/publication\/","og_site_name":"Akumenia","article_modified_time":"2021-07-07T14:32:49+00:00","og_image":[{"width":1280,"height":720,"url":"https:\/\/www.akumenia.com\/wp-content\/uploads\/2020\/09\/Personal-Vlog-YouTube-Thumbnail.png","type":"image\/png"}],"twitter_card":"summary_large_image","twitter_misc":{"Est. reading time":"2 minutes"},"schema":{"@context":"https:\/\/schema.org","@graph":[{"@type":"WebPage","@id":"https:\/\/www.akumenia.com\/publication\/","url":"https:\/\/www.akumenia.com\/publication\/","name":"Publication &mdash; Akumenia","isPartOf":{"@id":"https:\/\/www.akumenia.com\/#website"},"datePublished":"2021-04-20T14:18:23+00:00","dateModified":"2021-07-07T14:32:49+00:00","breadcrumb":{"@id":"https:\/\/www.akumenia.com\/publication\/#breadcrumb"},"inLanguage":"en-US","potentialAction":[{"@type":"ReadAction","target":["https:\/\/www.akumenia.com\/publication\/"]}]},{"@type":"BreadcrumbList","@id":"https:\/\/www.akumenia.com\/publication\/#breadcrumb","itemListElement":[{"@type":"ListItem","position":1,"name":"Accueil","item":"https:\/\/www.akumenia.com\/"},{"@type":"ListItem","position":2,"name":"Publication"}]},{"@type":"WebSite","@id":"https:\/\/www.akumenia.com\/#website","url":"https:\/\/www.akumenia.com\/","name":"AKUMEN IA","description":"Elevating Data to a Strategic Asset","publisher":{"@id":"https:\/\/www.akumenia.com\/#organization"},"potentialAction":[{"@type":"SearchAction","target":{"@type":"EntryPoint","urlTemplate":"https:\/\/www.akumenia.com\/?s={search_term_string}"},"query-input":"required name=search_term_string"}],"inLanguage":"en-US"},{"@type":"Organization","@id":"https:\/\/www.akumenia.com\/#organization","name":"AKUMENIA VALYANS","url":"https:\/\/www.akumenia.com\/","logo":{"@type":"ImageObject","inLanguage":"en-US","@id":"https:\/\/www.akumenia.com\/#\/schema\/logo\/image\/","url":"https:\/\/www.akumenia.com\/wp-content\/uploads\/2020\/09\/vsite_bleu_vDEF.png","contentUrl":"https:\/\/www.akumenia.com\/wp-content\/uploads\/2020\/09\/vsite_bleu_vDEF.png","width":1848,"height":536,"caption":"AKUMENIA VALYANS"},"image":{"@id":"https:\/\/www.akumenia.com\/#\/schema\/logo\/image\/"},"sameAs":["https:\/\/www.linkedin.com\/company\/68533550"]}]}},"_links":{"self":[{"href":"https:\/\/www.akumenia.com\/en\/wp-json\/wp\/v2\/pages\/6904"}],"collection":[{"href":"https:\/\/www.akumenia.com\/en\/wp-json\/wp\/v2\/pages"}],"about":[{"href":"https:\/\/www.akumenia.com\/en\/wp-json\/wp\/v2\/types\/page"}],"author":[{"embeddable":true,"href":"https:\/\/www.akumenia.com\/en\/wp-json\/wp\/v2\/users\/1"}],"replies":[{"embeddable":true,"href":"https:\/\/www.akumenia.com\/en\/wp-json\/wp\/v2\/comments?post=6904"}],"version-history":[{"count":60,"href":"https:\/\/www.akumenia.com\/en\/wp-json\/wp\/v2\/pages\/6904\/revisions"}],"predecessor-version":[{"id":7128,"href":"https:\/\/www.akumenia.com\/en\/wp-json\/wp\/v2\/pages\/6904\/revisions\/7128"}],"wp:attachment":[{"href":"https:\/\/www.akumenia.com\/en\/wp-json\/wp\/v2\/media?parent=6904"}],"curies":[{"name":"wp","href":"https:\/\/api.w.org\/{rel}","templated":true}]}}